{"id":708,"date":"2018-08-19T16:27:18","date_gmt":"2018-08-19T16:27:18","guid":{"rendered":"http:\/\/juanandresphotographyinteriorismoarquitectura.com\/?page_id=708"},"modified":"2026-04-16T18:23:05","modified_gmt":"2026-04-16T18:23:05","slug":"about-us","status":"publish","type":"page","link":"https:\/\/juanandresphotography-home.es\/?page_id=708&lang=en","title":{"rendered":"Nosotros"},"content":{"rendered":"\n<p>Juan Andr\u00e9s Photography le ofrece lo que busca para aumentar sus ventas e ingresos: un servicio de fotograf\u00eda profesional integral con el que obtendr\u00e1 fotograf\u00edas de calidad que mostrar\u00e1n la propiedad en venta como la m\u00e1s atractiva para el comprador. Esto les har\u00e1 sentir como si estuvieran dentro de ese espacio y transmitir\u00e1 la sensaci\u00f3n de bienestar que todos buscamos en casa. Contamos con el equipo necesario, personal serio y profesional, y lo m\u00e1s importante, el conocimiento t\u00e9cnico que marcar\u00e1 la diferencia en sus fotograf\u00edas, haci\u00e9ndolas lucir como las mejores y aumentando sus ventas.<\/p>\n\n\n\n<p>Es bien sabido que la mayor\u00eda de las personas, al querer comprar algo, primero lo buscan en internet. Desde un bol\u00edgrafo hasta un coche, pasando por todo lo dem\u00e1s, nuestro primer filtro pasa por este medio; despu\u00e9s, pensamos si queremos verlo f\u00edsicamente, comprarlo online o simplemente descartarlo. Es este primer contacto, esta primera impresi\u00f3n, la que nos deja la imagen que vemos en la pantalla y nos hace decidir si seguimos con la compra o la abandonamos. Por eso, las grandes marcas invierten tanto dinero no solo para colocar sus productos en los sitios web m\u00e1s visibles, sino tambi\u00e9n para que las im\u00e1genes sean las m\u00e1s espectaculares y enganchen al comprador.<\/p>\n\n\n\n<p>En el mercado inmobiliario, esto no es diferente. Ya sea para vender o alquilar, el vendedor busca mostrar su producto como el m\u00e1s atractivo para captar la atenci\u00f3n del comprador. Buscan c\u00f3mo convencer a sus clientes potenciales de que su producto es el mejor y no el de la competencia. La estrategia a seguir es la misma: debemos diferenciar nuestro producto del resto. Esto no significa que nuestra casa, apartamento o terreno sea el mejor, el m\u00e1s espectacular o tenga el mejor precio, sino que significa convencer a una persona de que la propiedad es ideal para ella y dejarla con ganas de ver y saber m\u00e1s, lo que le har\u00e1 sentirse y reconocerse en ese lugar.<\/p>\n\n\n\n<p>Por eso es tan importante la primera imagen de tu producto, que todo el mundo ver\u00e1. Har\u00e1 que tu cliente potencial piense que quiere esa casa, que la quiere ya y que quiere saber c\u00f3mo conseguirla. Esto, a su vez, aumentar\u00e1 tus ingresos, ya que has marcado la diferencia entre tu producto y el resto.<\/p>\n\n\n\n<figure class=\"wp-block-image size-large\"><img loading=\"lazy\" decoding=\"async\" width=\"683\" height=\"1024\" src=\"https:\/\/juanandresphotography-home.es\/wp-content\/uploads\/2026\/04\/DSC4495-copia-2-1-683x1024.jpg\" alt=\"\" class=\"wp-image-1376\" srcset=\"https:\/\/juanandresphotography-home.es\/wp-content\/uploads\/2026\/04\/DSC4495-copia-2-1-683x1024.jpg 683w, https:\/\/juanandresphotography-home.es\/wp-content\/uploads\/2026\/04\/DSC4495-copia-2-1-200x300.jpg 200w, https:\/\/juanandresphotography-home.es\/wp-content\/uploads\/2026\/04\/DSC4495-copia-2-1-768x1151.jpg 768w, https:\/\/juanandresphotography-home.es\/wp-content\/uploads\/2026\/04\/DSC4495-copia-2-1-1025x1536.jpg 1025w, https:\/\/juanandresphotography-home.es\/wp-content\/uploads\/2026\/04\/DSC4495-copia-2-1-1367x2048.jpg 1367w, https:\/\/juanandresphotography-home.es\/wp-content\/uploads\/2026\/04\/DSC4495-copia-2-1-scaled.jpg 1709w\" sizes=\"auto, (max-width: 683px) 100vw, 683px\" \/><\/figure>\n\n\n\n<p><\/p>\n","protected":false},"excerpt":{"rendered":"<p>Juan Andr\u00e9s Photography le ofrece lo que busca para aumentar sus ventas e ingresos: un servicio de fotograf\u00eda profesional integral con el que obtendr\u00e1 fotograf\u00edas de calidad que mostrar\u00e1n la propiedad en venta como la m\u00e1s atractiva para el comprador. Esto les har\u00e1 sentir como si estuvieran dentro de ese espacio y transmitir\u00e1 la sensaci\u00f3n [&hellip;]<\/p>\n","protected":false},"author":1,"featured_media":0,"parent":0,"menu_order":0,"comment_status":"closed","ping_status":"closed","template":"","meta":{"ngg_post_thumbnail":0,"footnotes":""},"class_list":["post-708","page","type-page","status-publish","hentry"],"_links":{"self":[{"href":"https:\/\/juanandresphotography-home.es\/index.php?rest_route=\/wp\/v2\/pages\/708","targetHints":{"allow":["GET"]}}],"collection":[{"href":"https:\/\/juanandresphotography-home.es\/index.php?rest_route=\/wp\/v2\/pages"}],"about":[{"href":"https:\/\/juanandresphotography-home.es\/index.php?rest_route=\/wp\/v2\/types\/page"}],"author":[{"embeddable":true,"href":"https:\/\/juanandresphotography-home.es\/index.php?rest_route=\/wp\/v2\/users\/1"}],"replies":[{"embeddable":true,"href":"https:\/\/juanandresphotography-home.es\/index.php?rest_route=%2Fwp%2Fv2%2Fcomments&post=708"}],"version-history":[{"count":13,"href":"https:\/\/juanandresphotography-home.es\/index.php?rest_route=\/wp\/v2\/pages\/708\/revisions"}],"predecessor-version":[{"id":1377,"href":"https:\/\/juanandresphotography-home.es\/index.php?rest_route=\/wp\/v2\/pages\/708\/revisions\/1377"}],"wp:attachment":[{"href":"https:\/\/juanandresphotography-home.es\/index.php?rest_route=%2Fwp%2Fv2%2Fmedia&parent=708"}],"curies":[{"name":"wp","href":"https:\/\/api.w.org\/{rel}","templated":true}]}}